{"id":334,"date":"2016-12-13T14:39:58","date_gmt":"2016-12-13T14:39:58","guid":{"rendered":"http:\/\/lapourcaresse.fr\/?page_id=334"},"modified":"2025-01-21T13:39:28","modified_gmt":"2025-01-21T13:39:28","slug":"la-pourcaresse-lieu-de-ressourcement-par-excellence","status":"publish","type":"page","link":"https:\/\/www.lapourcaresse.fr\/fr\/","title":{"rendered":"La Pourcaresse: lieu de ressourcement par excellence"},"content":{"rendered":"<p>Entre les Gorges de l&#8217;Ard\u00e8che et la vall\u00e9e de la C\u00e8ze, \u00e0 deux pas de la vall\u00e9e du Rh\u00f4ne, nous vous accueillons dans notre mas gardois typique, r\u00e9nov\u00e9 dans les r\u00e8gles de l\u2019art, pour vous offrir un silence absolu \u00e9gay\u00e9 par le chant des oiseaux, des cigales et des grillons, dans une nature intacte et luxuriante exhalant toutes les fragrances sauvages de la garrigue, sous un ciel m\u00e9diterran\u00e9en superbement \u00e9toil\u00e9. Sans oublier toutes les richesses touristiques et culturelles des environs &#8230;<\/p>\n","protected":false},"excerpt":{"rendered":"<p>Entre les Gorges de l&#8217;Ard\u00e8che et la vall\u00e9e de la C\u00e8ze, \u00e0 deux pas de la vall\u00e9e du Rh\u00f4ne, nous vous accueillons [&hellip;]<\/p>\n","protected":false},"author":2,"featured_media":0,"parent":0,"menu_order":0,"comment_status":"closed","ping_status":"closed","template":"page-home.php","meta":{"_acf_changed":false,"footnotes":""},"class_list":["post-334","page","type-page","status-publish","hentry"],"acf":[],"aioseo_notices":[],"_links":{"self":[{"href":"https:\/\/www.lapourcaresse.fr\/fr\/wp-json\/wp\/v2\/pages\/334","targetHints":{"allow":["GET"]}}],"collection":[{"href":"https:\/\/www.lapourcaresse.fr\/fr\/wp-json\/wp\/v2\/pages"}],"about":[{"href":"https:\/\/www.lapourcaresse.fr\/fr\/wp-json\/wp\/v2\/types\/page"}],"author":[{"embeddable":true,"href":"https:\/\/www.lapourcaresse.fr\/fr\/wp-json\/wp\/v2\/users\/2"}],"replies":[{"embeddable":true,"href":"https:\/\/www.lapourcaresse.fr\/fr\/wp-json\/wp\/v2\/comments?post=334"}],"version-history":[{"count":22,"href":"https:\/\/www.lapourcaresse.fr\/fr\/wp-json\/wp\/v2\/pages\/334\/revisions"}],"predecessor-version":[{"id":1757,"href":"https:\/\/www.lapourcaresse.fr\/fr\/wp-json\/wp\/v2\/pages\/334\/revisions\/1757"}],"wp:attachment":[{"href":"https:\/\/www.lapourcaresse.fr\/fr\/wp-json\/wp\/v2\/media?parent=334"}],"curies":[{"name":"wp","href":"https:\/\/api.w.org\/{rel}","templated":true}]}}