{"id":609,"date":"2016-12-13T16:51:38","date_gmt":"2016-12-13T16:51:38","guid":{"rendered":"http:\/\/lapourcaresse.fr\/?page_id=609\/"},"modified":"2024-04-18T08:45:15","modified_gmt":"2024-04-18T08:45:15","slug":"contact","status":"publish","type":"page","link":"https:\/\/www.lapourcaresse.fr\/fr\/contact\/","title":{"rendered":"Contact"},"content":{"rendered":"<h2>R\u00e9servations<\/h2>\n<p>Veuillez utiliser pour vos demandes de r\u00e9servation le calendrier et le formulaire sous <strong><a href=\"https:\/\/www.lapourcaresse.fr\/unterkuenfte\/grosse-ferienwohnung\/\">Appartement<\/a><\/strong>\u00a0ou sous\u00a0<strong><a href=\"https:\/\/www.lapourcaresse.fr\/unterkuenfte\/studio\/\">G\u00eete<\/a><\/strong>.<\/p>\n<p>Veuillez indiquer votre nom complet et votre num\u00e9ro de t\u00e9l\u00e9phone, pour que nous puissions vous atteindre en cas de question. Nous vous r\u00e9pondons dans un d\u00e9lai de 24h au plus tard. Si, pass\u00e9 ce d\u00e9lai, vous n\u2019avez pas re\u00e7u de r\u00e9ponse , n\u2019h\u00e9sitez pas \u00e0 nous recontacter.<\/p>\n<h2>Contact<\/h2>\n<p>Florence Ponthieu et Florian Besset<br \/>\nLa Pourcaresse<br \/>\nF-30760 Issirac<\/p>\n<p>T\u00e9l\u00e9phone : +33 (0)9 79 27 41 73<br \/>\nT\u00e9l\u00e9phone portable : +33 (0)6 11 95 31 33<br \/>\nE-Mail: <a href=\"javascript:secureDecryptAndNavigate('LYx565Tz1tKuEZDpiM\/5P0nsYCtSgF4HL+8hra2Nb2roD9RuM\/o7Pzw3cj6ai1sD+9D9b\/BiMusSPy7VwZM8Z4Z+Z7qpu4IjIlNiMXlEX9Jf8W1IN3U=', '5b7b0693f065175626e1b7eece0c968cfc5041ebe529d1288c74bb39ae82ff49')\">florian.besset(at)lapourcaresse.fr<\/a><\/p>\n<h2>Messages<\/h2>\n\n<div class=\"wpcf7 no-js\" id=\"wpcf7-f693-o1\" lang=\"de-DE\" dir=\"ltr\" data-wpcf7-id=\"693\">\n<div class=\"screen-reader-response\"><p role=\"status\" aria-live=\"polite\" aria-atomic=\"true\"><\/p> <ul><\/ul><\/div>\n<form action=\"\/fr\/wp-json\/wp\/v2\/pages\/609#wpcf7-f693-o1\" method=\"post\" class=\"wpcf7-form init\" aria-label=\"Kontaktformular\" novalidate=\"novalidate\" data-status=\"init\">\n<fieldset class=\"hidden-fields-container\"><input type=\"hidden\" name=\"_wpcf7\" value=\"693\" \/><input type=\"hidden\" name=\"_wpcf7_version\" value=\"6.1.5\" \/><input type=\"hidden\" name=\"_wpcf7_locale\" value=\"de_DE\" \/><input type=\"hidden\" name=\"_wpcf7_unit_tag\" value=\"wpcf7-f693-o1\" \/><input type=\"hidden\" name=\"_wpcf7_container_post\" value=\"0\" \/><input type=\"hidden\" name=\"_wpcf7_posted_data_hash\" value=\"\" \/><input type=\"hidden\" name=\"_wpcf7_recaptcha_response\" value=\"\" \/>\n<\/fieldset>\n<div>\n\t<p><span class=\"wpcf7-form-control-wrap\" data-name=\"namef\"><input size=\"40\" maxlength=\"400\" class=\"wpcf7-form-control wpcf7-text wpcf7-validates-as-required\" aria-required=\"true\" aria-invalid=\"false\" placeholder=\"Pr\u00e9nom, Nom *\" value=\"\" type=\"text\" name=\"namef\" \/><\/span>\n\t<\/p>\n<\/div>\n<div>\n\t<p><span class=\"wpcf7-form-control-wrap\" data-name=\"email\"><input size=\"40\" maxlength=\"400\" class=\"wpcf7-form-control wpcf7-email wpcf7-validates-as-required wpcf7-text wpcf7-validates-as-email\" aria-required=\"true\" aria-invalid=\"false\" placeholder=\"E-Mail *\" value=\"\" type=\"email\" name=\"email\" \/><\/span>\n\t<\/p>\n<\/div>\n<div>\n\t<p><span class=\"wpcf7-form-control-wrap\" data-name=\"telefon\"><input size=\"40\" maxlength=\"400\" class=\"wpcf7-form-control wpcf7-text wpcf7-validates-as-required\" aria-required=\"true\" aria-invalid=\"false\" placeholder=\"T\u00e9l\u00e9phone *\" value=\"\" type=\"text\" name=\"telefon\" \/><\/span>\n\t<\/p>\n<\/div>\n<div>\n\t<p><span class=\"wpcf7-form-control-wrap\" data-name=\"message\"><textarea cols=\"40\" rows=\"4\" maxlength=\"2000\" class=\"wpcf7-form-control wpcf7-textarea\" aria-invalid=\"false\" placeholder=\"Communication\" name=\"message\"><\/textarea><\/span>\n\t<\/p>\n<\/div>\n<div>\n\n<\/div>\n<div class=\"sendbutton\">\n\t<p><input class=\"wpcf7-form-control wpcf7-submit has-spinner\" type=\"submit\" value=\"Envoyer\" \/>\n\t<\/p>\n<\/div><div class=\"wpcf7-response-output\" aria-hidden=\"true\"><\/div>\n<\/form>\n<\/div>\n\n","protected":false},"excerpt":{"rendered":"<p>R\u00e9servations Veuillez utiliser pour vos demandes de r\u00e9servation le calendrier et le formulaire sous Appartement\u00a0ou sous\u00a0G\u00eete. Veuillez indiquer votre nom complet et [&hellip;]<\/p>\n","protected":false},"author":2,"featured_media":0,"parent":0,"menu_order":6,"comment_status":"closed","ping_status":"closed","template":"","meta":{"_acf_changed":false,"footnotes":""},"class_list":["post-609","page","type-page","status-publish","hentry"],"acf":[],"aioseo_notices":[],"_links":{"self":[{"href":"https:\/\/www.lapourcaresse.fr\/fr\/wp-json\/wp\/v2\/pages\/609","targetHints":{"allow":["GET"]}}],"collection":[{"href":"https:\/\/www.lapourcaresse.fr\/fr\/wp-json\/wp\/v2\/pages"}],"about":[{"href":"https:\/\/www.lapourcaresse.fr\/fr\/wp-json\/wp\/v2\/types\/page"}],"author":[{"embeddable":true,"href":"https:\/\/www.lapourcaresse.fr\/fr\/wp-json\/wp\/v2\/users\/2"}],"replies":[{"embeddable":true,"href":"https:\/\/www.lapourcaresse.fr\/fr\/wp-json\/wp\/v2\/comments?post=609"}],"version-history":[{"count":11,"href":"https:\/\/www.lapourcaresse.fr\/fr\/wp-json\/wp\/v2\/pages\/609\/revisions"}],"predecessor-version":[{"id":1728,"href":"https:\/\/www.lapourcaresse.fr\/fr\/wp-json\/wp\/v2\/pages\/609\/revisions\/1728"}],"wp:attachment":[{"href":"https:\/\/www.lapourcaresse.fr\/fr\/wp-json\/wp\/v2\/media?parent=609"}],"curies":[{"name":"wp","href":"https:\/\/api.w.org\/{rel}","templated":true}]}}